{"id":10648,"date":"2015-08-04T10:49:17","date_gmt":"2015-08-04T08:49:17","guid":{"rendered":"http:\/\/habermann.jungepartner.de\/en\/?page_id=10648"},"modified":"2024-10-18T10:37:35","modified_gmt":"2024-10-18T08:37:35","slug":"contact","status":"publish","type":"page","link":"https:\/\/hawiflex.de\/en\/contact\/","title":{"rendered":"Contact"},"content":{"rendered":"<div class=\"wpb-content-wrapper\"><p>[vc_row][vc_column][vc_column_text]<\/p>\n<h1>Contact<\/h1>\n<p>[\/vc_column_text][\/vc_column][\/vc_row][vc_row][vc_column width=&#8221;1\/3&#8243;][vc_column_text css=&#8221;&#8221;]<\/p>\n<h2 class=\"widget widget-title h5\">Contex Hartmetall Verschlei\u00dftechnik GmbH<\/h2>\n<div class=\"textwidget\">\n<p>Krefelder Stra\u00dfe 676<br \/>\nD-41066 M\u00f6nchengladbach<br \/>\nPhone: +49 (0) 2161 \/ 92 79 0-0<br \/>\nFax: +49 (0) 2161 \/ 92 79 0-98<br \/>\n<a href=\"mailto:vertrieb@contex-gmbh.de\">vertrieb@contex-gmbh.de<\/a><\/p>\n<\/div>\n<p>[\/vc_column_text][\/vc_column][vc_column width=&#8221;2\/3&#8243;]\n<div class=\"wpcf7 no-js\" id=\"wpcf7-f14325-o1\" lang=\"de-DE\" dir=\"ltr\" data-wpcf7-id=\"14325\">\n<div class=\"screen-reader-response\"><p role=\"status\" aria-live=\"polite\" aria-atomic=\"true\"><\/p> <ul><\/ul><\/div>\n<form action=\"\/en\/wp-json\/wp\/v2\/pages\/10648#wpcf7-f14325-o1\" method=\"post\" class=\"wpcf7-form init wpcf7-acceptance-as-validation\" aria-label=\"Kontaktformular\" novalidate=\"novalidate\" data-status=\"init\">\n<fieldset class=\"hidden-fields-container\"><input type=\"hidden\" name=\"_wpcf7\" value=\"14325\" \/><input type=\"hidden\" name=\"_wpcf7_version\" value=\"6.1.5\" \/><input type=\"hidden\" name=\"_wpcf7_locale\" value=\"de_DE\" \/><input type=\"hidden\" name=\"_wpcf7_unit_tag\" value=\"wpcf7-f14325-o1\" \/><input type=\"hidden\" name=\"_wpcf7_container_post\" value=\"0\" \/><input type=\"hidden\" name=\"_wpcf7_posted_data_hash\" value=\"\" \/>\n<\/fieldset>\n<p><span class=\"wpcf7-form-control-wrap\" data-name=\"your-name\"><input size=\"40\" maxlength=\"400\" class=\"wpcf7-form-control wpcf7-text wpcf7-validates-as-required\" aria-required=\"true\" aria-invalid=\"false\" placeholder=\"Name*\" value=\"\" type=\"text\" name=\"your-name\" \/><\/span><br \/>\n[honeypot honeypot-974]\n<\/p>\n<p><span class=\"wpcf7-form-control-wrap\" data-name=\"your-email\"><input size=\"40\" maxlength=\"400\" class=\"wpcf7-form-control wpcf7-email wpcf7-validates-as-required wpcf7-text wpcf7-validates-as-email\" aria-required=\"true\" aria-invalid=\"false\" placeholder=\"E-Mail*\" value=\"\" type=\"email\" name=\"your-email\" \/><\/span>\n<\/p>\n<p><span class=\"wpcf7-form-control-wrap\" data-name=\"your-subject\"><input size=\"40\" maxlength=\"400\" class=\"wpcf7-form-control wpcf7-text\" aria-invalid=\"false\" placeholder=\"Subject\" value=\"\" type=\"text\" name=\"your-subject\" \/><\/span>\n<\/p>\n<p><span class=\"wpcf7-form-control-wrap\" data-name=\"your-message\"><textarea cols=\"40\" rows=\"10\" maxlength=\"2000\" class=\"wpcf7-form-control wpcf7-textarea\" aria-invalid=\"false\" placeholder=\"Your Message\" name=\"your-message\"><\/textarea><\/span>\n<\/p>\n<p><span class=\"wpcf7-form-control-wrap\" data-name=\"datenschutz\"><span class=\"wpcf7-form-control wpcf7-acceptance\"><span class=\"wpcf7-list-item\"><input type=\"checkbox\" name=\"datenschutz\" value=\"1\" aria-invalid=\"false\" \/><\/span><\/span><\/span> I have read and accepted the <a href=\"\/en\/privacy-policy\">privacy policy<\/a>.\n<\/p>\n<p><input class=\"wpcf7-form-control wpcf7-submit has-spinner\" type=\"submit\" value=\"Submit\" \/>\n<\/p><div class=\"wpcf7-response-output\" aria-hidden=\"true\"><\/div>\n<\/form>\n<\/div>\n[\/vc_column][\/vc_row][vc_row][vc_column][vc_gmaps link=&#8221;#E-8_JTNDaWZyYW1lJTIwc3JjJTNEJTIyaHR0cHMlM0ElMkYlMkZ3d3cuZ29vZ2xlLmNvbSUyRm1hcHMlMkZlbWJlZCUzRnBiJTNEJTIxMW0xOCUyMTFtMTIlMjExbTMlMjExZDE1NDguNjM0ODk5MTIyMjEyJTIxMmQ2LjQ4NDI5ODkyNTAxNzkyJTIxM2Q1MS4yMjM0MzU3MTYwOTk2MiUyMTJtMyUyMTFmMCUyMTJmMCUyMTNmMCUyMTNtMiUyMTFpMTAyNCUyMTJpNzY4JTIxNGYxMy4xJTIxM20zJTIxMW0yJTIxMXMweDQ3YjhhYzRjY2UwYTFmMmIlMjUzQTB4NzUwMzE5MTA0ODIxYTE1NiUyMTJzS3JlZmVsZGVyJTI1MjBTdHIuJTI1MjA2NzYlMjUyQyUyNTIwNDEwNjYlMjUyME0lMjVDMyUyNUI2bmNoZW5nbGFkYmFjaCUyMTVlMSUyMTNtMiUyMTFzZGUlMjEyc2RlJTIxNHYxNzI0OTM3Mjc3NDY2JTIxNW0yJTIxMXNkZSUyMTJzZGUlMjIlMjB3aWR0aCUzRCUyMjYwMCUyMiUyMGhlaWdodCUzRCUyMjQ1MCUyMiUyMHN0eWxlJTNEJTIyYm9yZGVyJTNBMCUzQiUyMiUyMGFsbG93ZnVsbHNjcmVlbiUzRCUyMiUyMiUyMGxvYWRpbmclM0QlMjJsYXp5JTIyJTIwcmVmZXJyZXJwb2xpY3klM0QlMjJuby1yZWZlcnJlci13aGVuLWRvd25ncmFkZSUyMiUzRSUzQyUyRmlmcmFtZSUzRQ==&#8221; css=&#8221;&#8221;][\/vc_column][\/vc_row]<\/p>\n<\/div>","protected":false},"excerpt":{"rendered":"<p>[vc_row][vc_column][vc_column_text] Contact [\/vc_column_text][\/vc_column][\/vc_row][vc_row][vc_column width=&#8221;1\/3&#8243;][vc_column_text css=&#8221;&#8221;] Contex Hartmetall Verschlei\u00dftechnik GmbH Krefelder Stra\u00dfe 676 D-41066 M\u00f6nchengladbach Phone: +49 (0) 2161 \/ 92 79 0-0 Fax: +49 (0) 2161 \/ 92 79 0-98 vertrieb@contex-gmbh.de [\/vc_column_text][\/vc_column][vc_column width=&#8221;2\/3&#8243;][\/vc_column][\/vc_row][vc_row][vc_column][vc_gmaps link=&#8221;#E-8_JTNDaWZyYW1lJTIwc3JjJTNEJTIyaHR0cHMlM0ElMkYlMkZ3d3cuZ29vZ2xlLmNvbSUyRm1hcHMlMkZlbWJlZCUzRnBiJTNEJTIxMW0xOCUyMTFtMTIlMjExbTMlMjExZDE1NDguNjM0ODk5MTIyMjEyJTIxMmQ2LjQ4NDI5ODkyNTAxNzkyJTIxM2Q1MS4yMjM0MzU3MTYwOTk2MiUyMTJtMyUyMTFmMCUyMTJmMCUyMTNmMCUyMTNtMiUyMTFpMTAyNCUyMTJpNzY4JTIxNGYxMy4xJTIxM20zJTIxMW0yJTIxMXMweDQ3YjhhYzRjY2UwYTFmMmIlMjUzQTB4NzUwMzE5MTA0ODIxYTE1NiUyMTJzS3JlZmVsZGVyJTI1MjBTdHIuJTI1MjA2NzYlMjUyQyUyNTIwNDEwNjYlMjUyME0lMjVDMyUyNUI2bmNoZW5nbGFkYmFjaCUyMTVlMSUyMTNtMiUyMTFzZGUlMjEyc2RlJTIxNHYxNzI0OTM3Mjc3NDY2JTIxNW0yJTIxMXNkZSUyMTJzZGUlMjIlMjB3aWR0aCUzRCUyMjYwMCUyMiUyMGhlaWdodCUzRCUyMjQ1MCUyMiUyMHN0eWxlJTNEJTIyYm9yZGVyJTNBMCUzQiUyMiUyMGFsbG93ZnVsbHNjcmVlbiUzRCUyMiUyMiUyMGxvYWRpbmclM0QlMjJsYXp5JTIyJTIwcmVmZXJyZXJwb2xpY3klM0QlMjJuby1yZWZlcnJlci13aGVuLWRvd25ncmFkZSUyMiUzRSUzQyUyRmlmcmFtZSUzRQ==&#8221; css=&#8221;&#8221;][\/vc_column][\/vc_row]<\/p>\n","protected":false},"author":1,"featured_media":26055,"parent":0,"menu_order":0,"comment_status":"closed","ping_status":"closed","template":"","meta":{"_acf_changed":false,"footnotes":""},"class_list":["post-10648","page","type-page","status-publish","has-post-thumbnail","hentry"],"acf":[],"yoast_head":"<!-- This site is optimized with the Yoast SEO plugin v27.3 - https:\/\/yoast.com\/product\/yoast-seo-wordpress\/ -->\n<title>Contact to Contex, developer of Hawiflex<\/title>\n<meta name=\"description\" content=\"Contact to Habermann Materials, Wullener Feld 73, 58454 Witten, Germany\" \/>\n<meta name=\"robots\" content=\"index, follow, max-snippet:-1, max-image-preview:large, max-video-preview:-1\" \/>\n<link rel=\"canonical\" href=\"https:\/\/hawiflex.de\/en\/contact\/\" \/>\n<meta property=\"og:locale\" content=\"en_US\" \/>\n<meta property=\"og:type\" content=\"article\" \/>\n<meta property=\"og:title\" content=\"Contact to Contex, developer of Hawiflex\" \/>\n<meta property=\"og:description\" content=\"Contact to Habermann Materials, Wullener Feld 73, 58454 Witten, Germany\" \/>\n<meta property=\"og:url\" content=\"https:\/\/hawiflex.de\/en\/contact\/\" \/>\n<meta property=\"og:site_name\" content=\"Hawiflex by Contex\" \/>\n<meta property=\"article:modified_time\" content=\"2024-10-18T08:37:35+00:00\" \/>\n<meta property=\"og:image\" content=\"https:\/\/hawiflex.de\/wp-content\/uploads\/2016\/10\/hawiflex-betonindustrie.jpg\" \/>\n\t<meta property=\"og:image:width\" content=\"1920\" \/>\n\t<meta property=\"og:image:height\" content=\"1245\" \/>\n\t<meta property=\"og:image:type\" content=\"image\/jpeg\" \/>\n<meta name=\"twitter:card\" content=\"summary_large_image\" \/>\n<script type=\"application\/ld+json\" class=\"yoast-schema-graph\">{\"@context\":\"https:\\\/\\\/schema.org\",\"@graph\":[{\"@type\":\"WebPage\",\"@id\":\"https:\\\/\\\/hawiflex.de\\\/en\\\/contact\\\/\",\"url\":\"https:\\\/\\\/hawiflex.de\\\/en\\\/contact\\\/\",\"name\":\"Contact to Contex, developer of Hawiflex\",\"isPartOf\":{\"@id\":\"https:\\\/\\\/hawiflex.de\\\/en\\\/#website\"},\"primaryImageOfPage\":{\"@id\":\"https:\\\/\\\/hawiflex.de\\\/en\\\/contact\\\/#primaryimage\"},\"image\":{\"@id\":\"https:\\\/\\\/hawiflex.de\\\/en\\\/contact\\\/#primaryimage\"},\"thumbnailUrl\":\"https:\\\/\\\/hawiflex.de\\\/wp-content\\\/uploads\\\/2016\\\/10\\\/hawiflex-betonindustrie.jpg\",\"datePublished\":\"2015-08-04T08:49:17+00:00\",\"dateModified\":\"2024-10-18T08:37:35+00:00\",\"description\":\"Contact to Habermann Materials, Wullener Feld 73, 58454 Witten, Germany\",\"breadcrumb\":{\"@id\":\"https:\\\/\\\/hawiflex.de\\\/en\\\/contact\\\/#breadcrumb\"},\"inLanguage\":\"en-US\",\"potentialAction\":[{\"@type\":\"ReadAction\",\"target\":[\"https:\\\/\\\/hawiflex.de\\\/en\\\/contact\\\/\"]}]},{\"@type\":\"ImageObject\",\"inLanguage\":\"en-US\",\"@id\":\"https:\\\/\\\/hawiflex.de\\\/en\\\/contact\\\/#primaryimage\",\"url\":\"https:\\\/\\\/hawiflex.de\\\/wp-content\\\/uploads\\\/2016\\\/10\\\/hawiflex-betonindustrie.jpg\",\"contentUrl\":\"https:\\\/\\\/hawiflex.de\\\/wp-content\\\/uploads\\\/2016\\\/10\\\/hawiflex-betonindustrie.jpg\",\"width\":1920,\"height\":1245,\"caption\":\"Hawiflex in der Betonindustrie\"},{\"@type\":\"BreadcrumbList\",\"@id\":\"https:\\\/\\\/hawiflex.de\\\/en\\\/contact\\\/#breadcrumb\",\"itemListElement\":[{\"@type\":\"ListItem\",\"position\":1,\"name\":\"Startseite\",\"item\":\"https:\\\/\\\/hawiflex.de\\\/en\\\/\"},{\"@type\":\"ListItem\",\"position\":2,\"name\":\"Contact\"}]},{\"@type\":\"WebSite\",\"@id\":\"https:\\\/\\\/hawiflex.de\\\/en\\\/#website\",\"url\":\"https:\\\/\\\/hawiflex.de\\\/en\\\/\",\"name\":\"Hawiflex by Contex\",\"description\":\"Hawiflex\u00ae Moulded Parts, Coatings and Boards for Concrete Industry, for Pumps and much more\",\"publisher\":{\"@id\":\"https:\\\/\\\/hawiflex.de\\\/en\\\/#organization\"},\"potentialAction\":[{\"@type\":\"SearchAction\",\"target\":{\"@type\":\"EntryPoint\",\"urlTemplate\":\"https:\\\/\\\/hawiflex.de\\\/en\\\/?s={search_term_string}\"},\"query-input\":{\"@type\":\"PropertyValueSpecification\",\"valueRequired\":true,\"valueName\":\"search_term_string\"}}],\"inLanguage\":\"en-US\"},{\"@type\":\"Organization\",\"@id\":\"https:\\\/\\\/hawiflex.de\\\/en\\\/#organization\",\"name\":\"Hawiflex\",\"url\":\"https:\\\/\\\/hawiflex.de\\\/en\\\/\",\"logo\":{\"@type\":\"ImageObject\",\"inLanguage\":\"en-US\",\"@id\":\"https:\\\/\\\/hawiflex.de\\\/en\\\/#\\\/schema\\\/logo\\\/image\\\/\",\"url\":\"https:\\\/\\\/hawiflex.de\\\/wp-content\\\/uploads\\\/2019\\\/03\\\/logo_hawiflex800.png\",\"contentUrl\":\"https:\\\/\\\/hawiflex.de\\\/wp-content\\\/uploads\\\/2019\\\/03\\\/logo_hawiflex800.png\",\"width\":800,\"height\":186,\"caption\":\"Hawiflex\"},\"image\":{\"@id\":\"https:\\\/\\\/hawiflex.de\\\/en\\\/#\\\/schema\\\/logo\\\/image\\\/\"}}]}<\/script>\n<!-- \/ Yoast SEO plugin. -->","yoast_head_json":{"title":"Contact to Contex, developer of Hawiflex","description":"Contact to Habermann Materials, Wullener Feld 73, 58454 Witten, Germany","robots":{"index":"index","follow":"follow","max-snippet":"max-snippet:-1","max-image-preview":"max-image-preview:large","max-video-preview":"max-video-preview:-1"},"canonical":"https:\/\/hawiflex.de\/en\/contact\/","og_locale":"en_US","og_type":"article","og_title":"Contact to Contex, developer of Hawiflex","og_description":"Contact to Habermann Materials, Wullener Feld 73, 58454 Witten, Germany","og_url":"https:\/\/hawiflex.de\/en\/contact\/","og_site_name":"Hawiflex by Contex","article_modified_time":"2024-10-18T08:37:35+00:00","og_image":[{"width":1920,"height":1245,"url":"https:\/\/hawiflex.de\/wp-content\/uploads\/2016\/10\/hawiflex-betonindustrie.jpg","type":"image\/jpeg"}],"twitter_card":"summary_large_image","schema":{"@context":"https:\/\/schema.org","@graph":[{"@type":"WebPage","@id":"https:\/\/hawiflex.de\/en\/contact\/","url":"https:\/\/hawiflex.de\/en\/contact\/","name":"Contact to Contex, developer of Hawiflex","isPartOf":{"@id":"https:\/\/hawiflex.de\/en\/#website"},"primaryImageOfPage":{"@id":"https:\/\/hawiflex.de\/en\/contact\/#primaryimage"},"image":{"@id":"https:\/\/hawiflex.de\/en\/contact\/#primaryimage"},"thumbnailUrl":"https:\/\/hawiflex.de\/wp-content\/uploads\/2016\/10\/hawiflex-betonindustrie.jpg","datePublished":"2015-08-04T08:49:17+00:00","dateModified":"2024-10-18T08:37:35+00:00","description":"Contact to Habermann Materials, Wullener Feld 73, 58454 Witten, Germany","breadcrumb":{"@id":"https:\/\/hawiflex.de\/en\/contact\/#breadcrumb"},"inLanguage":"en-US","potentialAction":[{"@type":"ReadAction","target":["https:\/\/hawiflex.de\/en\/contact\/"]}]},{"@type":"ImageObject","inLanguage":"en-US","@id":"https:\/\/hawiflex.de\/en\/contact\/#primaryimage","url":"https:\/\/hawiflex.de\/wp-content\/uploads\/2016\/10\/hawiflex-betonindustrie.jpg","contentUrl":"https:\/\/hawiflex.de\/wp-content\/uploads\/2016\/10\/hawiflex-betonindustrie.jpg","width":1920,"height":1245,"caption":"Hawiflex in der Betonindustrie"},{"@type":"BreadcrumbList","@id":"https:\/\/hawiflex.de\/en\/contact\/#breadcrumb","itemListElement":[{"@type":"ListItem","position":1,"name":"Startseite","item":"https:\/\/hawiflex.de\/en\/"},{"@type":"ListItem","position":2,"name":"Contact"}]},{"@type":"WebSite","@id":"https:\/\/hawiflex.de\/en\/#website","url":"https:\/\/hawiflex.de\/en\/","name":"Hawiflex by Contex","description":"Hawiflex\u00ae Moulded Parts, Coatings and Boards for Concrete Industry, for Pumps and much more","publisher":{"@id":"https:\/\/hawiflex.de\/en\/#organization"},"potentialAction":[{"@type":"SearchAction","target":{"@type":"EntryPoint","urlTemplate":"https:\/\/hawiflex.de\/en\/?s={search_term_string}"},"query-input":{"@type":"PropertyValueSpecification","valueRequired":true,"valueName":"search_term_string"}}],"inLanguage":"en-US"},{"@type":"Organization","@id":"https:\/\/hawiflex.de\/en\/#organization","name":"Hawiflex","url":"https:\/\/hawiflex.de\/en\/","logo":{"@type":"ImageObject","inLanguage":"en-US","@id":"https:\/\/hawiflex.de\/en\/#\/schema\/logo\/image\/","url":"https:\/\/hawiflex.de\/wp-content\/uploads\/2019\/03\/logo_hawiflex800.png","contentUrl":"https:\/\/hawiflex.de\/wp-content\/uploads\/2019\/03\/logo_hawiflex800.png","width":800,"height":186,"caption":"Hawiflex"},"image":{"@id":"https:\/\/hawiflex.de\/en\/#\/schema\/logo\/image\/"}}]}},"_links":{"self":[{"href":"https:\/\/hawiflex.de\/en\/wp-json\/wp\/v2\/pages\/10648","targetHints":{"allow":["GET"]}}],"collection":[{"href":"https:\/\/hawiflex.de\/en\/wp-json\/wp\/v2\/pages"}],"about":[{"href":"https:\/\/hawiflex.de\/en\/wp-json\/wp\/v2\/types\/page"}],"author":[{"embeddable":true,"href":"https:\/\/hawiflex.de\/en\/wp-json\/wp\/v2\/users\/1"}],"replies":[{"embeddable":true,"href":"https:\/\/hawiflex.de\/en\/wp-json\/wp\/v2\/comments?post=10648"}],"version-history":[{"count":2,"href":"https:\/\/hawiflex.de\/en\/wp-json\/wp\/v2\/pages\/10648\/revisions"}],"predecessor-version":[{"id":29650,"href":"https:\/\/hawiflex.de\/en\/wp-json\/wp\/v2\/pages\/10648\/revisions\/29650"}],"wp:featuredmedia":[{"embeddable":true,"href":"https:\/\/hawiflex.de\/en\/wp-json\/wp\/v2\/media\/26055"}],"wp:attachment":[{"href":"https:\/\/hawiflex.de\/en\/wp-json\/wp\/v2\/media?parent=10648"}],"curies":[{"name":"wp","href":"https:\/\/api.w.org\/{rel}","templated":true}]}}