{"id":10484,"date":"2015-08-06T10:18:38","date_gmt":"2015-08-06T08:18:38","guid":{"rendered":"http:\/\/habermann.jungepartner.de\/en\/impressum\/"},"modified":"2024-10-18T10:39:43","modified_gmt":"2024-10-18T08:39:43","slug":"imprint","status":"publish","type":"page","link":"https:\/\/hawiflex.de\/en\/imprint\/","title":{"rendered":"Imprint"},"content":{"rendered":"<div class=\"wpb-content-wrapper\"><p>[vc_row][vc_column][vc_column_text]<\/p>\n<h1>Imprint<\/h1>\n<p>[\/vc_column_text][\/vc_column][\/vc_row][vc_row][vc_column width=&#8221;2\/3&#8243;][vc_single_image image=&#8221;29520&#8243; img_size=&#8221;300&#215;120&#8243; css=&#8221;&#8221;][vc_column_text css=&#8221;&#8221;]<\/p>\n<h2>Hawiflex by Contex<\/h2>\n<p><strong>Information according to \u00a7 5 TMG:<\/strong><\/p>\n<p>Contex Hartmetall Verschlei\u00dftechnik GmbH<br \/>\nKrefelder Street 676<br \/>\n41066 M\u00f6nchengladbach<\/p>\n<p>Type of company: GmbH<br \/>\nHRB: 1430<br \/>\nPlace of jurisdiction: M\u00f6nchengladbach<\/p>\n<p><strong>Represented by:<\/strong><\/p>\n<p>Detlef Brunen<br \/>\nRiccardo Jedamski<br \/>\nDavid Meels<br \/>\nSascha Meels<\/p>\n<p><strong>Contact<\/strong><\/p>\n<p>Phone: +49 (0)2161 92790-0<br \/>\nE-Mail: hawiflex@contex-gmbh.de<\/p>\n<p><strong>Value added tax:<\/strong><\/p>\n<p>Sales tax identification number according to \u00a727 a sales tax law: DE 120 492 252<\/p>\n<p><strong>Responsible for the content according to \u00a7 55 Abs. 2 RStV:<\/strong><\/p>\n<p>Sascha Meels<br \/>\nKrefelder Street 676<br \/>\n41066 M\u00f6nchengladbach<\/p>\n<p><strong>Dispute resolution<\/strong><\/p>\n<p>The European Commission provides a platform for online dispute resolution (OS): https:\/\/ec.europa.eu\/consumers\/odr. You can find our e-mail address in the legal notice above. We are not willing or obliged to participate in dispute resolution proceedings before a consumer arbitration board. Sources for the images and graphics used: Photo archive of Contex.<\/p>\n<p><strong>Liability for content<\/strong><\/p>\n<p>As a service provider, we are responsible for our own content on these pages in accordance with Section 7 (1) TMG (German Telemedia Act) and general legislation. According to \u00a7\u00a7 8 to 10 TMG, however, we are not obliged as a service provider to monitor transmitted or stored third-party information or to investigate circumstances that indicate illegal activity.<\/p>\n<p>Obligations to remove or block the use of information in accordance with general legislation remain unaffected by this. However, liability in this respect is only possible from the time of knowledge of a specific infringement. As soon as we become aware of such infringements, we will remove this content immediately.<\/p>\n<p><strong>Liability for links<\/strong><\/p>\n<p>Our website contains links to external third-party websites over whose content we have no influence. Therefore, we cannot accept any liability for this third-party content. The respective provider or operator of the pages is always responsible for the content of the linked pages. The linked pages were checked for possible legal violations at the time of linking. Illegal content was not recognizable at the time of linking.<\/p>\n<p>However, permanent monitoring of the content of the linked pages is not reasonable without concrete evidence of an infringement. If we become aware of any legal infringements, we will remove such links immediately.<\/p>\n<p><strong>Copyright<\/strong><\/p>\n<p>The content and works created by the site operators on these pages are subject to German copyright law. Duplication, processing, distribution and any form of commercialization of such material beyond the scope of the copyright law shall require the prior written consent of its respective author or creator. Downloads and copies of this site are only permitted for private, non-commercial use.<\/p>\n<p>Insofar as the content on this site was not created by the operator, the copyrights of third parties are respected. In particular, third-party content is identified as such. Should you nevertheless become aware of a copyright infringement, please inform us accordingly. If we become aware of any infringements, we will remove such content immediately.<\/p>\n<p><strong>Concept \/ Design \/ Programming:<\/strong><br \/>\nJungepartner<br \/>\nWullener Feld 60<br \/>\n58454 Witten, Germany<br \/>\nwww.jungepartner.de[\/vc_column_text][\/vc_column][vc_column width=&#8221;1\/3&#8243;][\/vc_column][\/vc_row]<\/p>\n<\/div>","protected":false},"excerpt":{"rendered":"<p>[vc_row][vc_column][vc_column_text] Imprint [\/vc_column_text][\/vc_column][\/vc_row][vc_row][vc_column width=&#8221;2\/3&#8243;][vc_single_image image=&#8221;29520&#8243; img_size=&#8221;300&#215;120&#8243; css=&#8221;&#8221;][vc_column_text css=&#8221;&#8221;] Hawiflex by Contex Information according to \u00a7 5 TMG: Contex Hartmetall Verschlei\u00dftechnik GmbH Krefelder Street 676 41066 M\u00f6nchengladbach Type of company: GmbH HRB: 1430 Place of jurisdiction: M\u00f6nchengladbach Represented by: Detlef Brunen Riccardo Jedamski David Meels Sascha Meels Contact Phone: +49 (0)2161 92790-0 E-Mail: hawiflex@contex-gmbh.de Value added [&hellip;]<\/p>\n","protected":false},"author":1,"featured_media":6733,"parent":0,"menu_order":0,"comment_status":"closed","ping_status":"closed","template":"","meta":{"_acf_changed":false,"footnotes":""},"categories":[],"tags":[],"class_list":["post-10484","page","type-page","status-publish","has-post-thumbnail","hentry"],"acf":[],"yoast_head":"<!-- This site is optimized with the Yoast SEO plugin v27.3 - https:\/\/yoast.com\/product\/yoast-seo-wordpress\/ -->\n<title>Hawiflex by Contex Imprint<\/title>\n<meta name=\"description\" content=\"Imprint of Hawiflex by Contex\" \/>\n<meta name=\"robots\" content=\"index, follow, max-snippet:-1, max-image-preview:large, max-video-preview:-1\" \/>\n<link rel=\"canonical\" href=\"https:\/\/hawiflex.de\/en\/imprint\/\" \/>\n<meta property=\"og:locale\" content=\"en_US\" \/>\n<meta property=\"og:type\" content=\"article\" \/>\n<meta property=\"og:title\" content=\"Hawiflex by Contex Imprint\" \/>\n<meta property=\"og:description\" content=\"Imprint of Hawiflex by Contex\" \/>\n<meta property=\"og:url\" content=\"https:\/\/hawiflex.de\/en\/imprint\/\" \/>\n<meta property=\"og:site_name\" content=\"Hawiflex by Contex\" \/>\n<meta property=\"article:modified_time\" content=\"2024-10-18T08:39:43+00:00\" \/>\n<meta property=\"og:image\" content=\"https:\/\/hawiflex.de\/wp-content\/uploads\/2015\/08\/04_Werkzeug1.jpg\" \/>\n\t<meta property=\"og:image:width\" content=\"1920\" \/>\n\t<meta property=\"og:image:height\" content=\"1440\" \/>\n\t<meta property=\"og:image:type\" content=\"image\/jpeg\" \/>\n<meta name=\"twitter:card\" content=\"summary_large_image\" \/>\n<script type=\"application\/ld+json\" class=\"yoast-schema-graph\">{\"@context\":\"https:\\\/\\\/schema.org\",\"@graph\":[{\"@type\":\"WebPage\",\"@id\":\"https:\\\/\\\/hawiflex.de\\\/en\\\/imprint\\\/\",\"url\":\"https:\\\/\\\/hawiflex.de\\\/en\\\/imprint\\\/\",\"name\":\"Hawiflex by Contex Imprint\",\"isPartOf\":{\"@id\":\"https:\\\/\\\/hawiflex.de\\\/en\\\/#website\"},\"primaryImageOfPage\":{\"@id\":\"https:\\\/\\\/hawiflex.de\\\/en\\\/imprint\\\/#primaryimage\"},\"image\":{\"@id\":\"https:\\\/\\\/hawiflex.de\\\/en\\\/imprint\\\/#primaryimage\"},\"thumbnailUrl\":\"https:\\\/\\\/hawiflex.de\\\/wp-content\\\/uploads\\\/2015\\\/08\\\/04_Werkzeug1.jpg\",\"datePublished\":\"2015-08-06T08:18:38+00:00\",\"dateModified\":\"2024-10-18T08:39:43+00:00\",\"description\":\"Imprint of Hawiflex by Contex\",\"breadcrumb\":{\"@id\":\"https:\\\/\\\/hawiflex.de\\\/en\\\/imprint\\\/#breadcrumb\"},\"inLanguage\":\"en-US\",\"potentialAction\":[{\"@type\":\"ReadAction\",\"target\":[\"https:\\\/\\\/hawiflex.de\\\/en\\\/imprint\\\/\"]}]},{\"@type\":\"ImageObject\",\"inLanguage\":\"en-US\",\"@id\":\"https:\\\/\\\/hawiflex.de\\\/en\\\/imprint\\\/#primaryimage\",\"url\":\"https:\\\/\\\/hawiflex.de\\\/wp-content\\\/uploads\\\/2015\\\/08\\\/04_Werkzeug1.jpg\",\"contentUrl\":\"https:\\\/\\\/hawiflex.de\\\/wp-content\\\/uploads\\\/2015\\\/08\\\/04_Werkzeug1.jpg\",\"width\":1920,\"height\":1440,\"caption\":\"04 Werkzeug1\"},{\"@type\":\"BreadcrumbList\",\"@id\":\"https:\\\/\\\/hawiflex.de\\\/en\\\/imprint\\\/#breadcrumb\",\"itemListElement\":[{\"@type\":\"ListItem\",\"position\":1,\"name\":\"Startseite\",\"item\":\"https:\\\/\\\/hawiflex.de\\\/en\\\/\"},{\"@type\":\"ListItem\",\"position\":2,\"name\":\"Imprint\"}]},{\"@type\":\"WebSite\",\"@id\":\"https:\\\/\\\/hawiflex.de\\\/en\\\/#website\",\"url\":\"https:\\\/\\\/hawiflex.de\\\/en\\\/\",\"name\":\"Hawiflex by Contex\",\"description\":\"Hawiflex\u00ae Moulded Parts, Coatings and Boards for Concrete Industry, for Pumps and much more\",\"publisher\":{\"@id\":\"https:\\\/\\\/hawiflex.de\\\/en\\\/#organization\"},\"potentialAction\":[{\"@type\":\"SearchAction\",\"target\":{\"@type\":\"EntryPoint\",\"urlTemplate\":\"https:\\\/\\\/hawiflex.de\\\/en\\\/?s={search_term_string}\"},\"query-input\":{\"@type\":\"PropertyValueSpecification\",\"valueRequired\":true,\"valueName\":\"search_term_string\"}}],\"inLanguage\":\"en-US\"},{\"@type\":\"Organization\",\"@id\":\"https:\\\/\\\/hawiflex.de\\\/en\\\/#organization\",\"name\":\"Hawiflex\",\"url\":\"https:\\\/\\\/hawiflex.de\\\/en\\\/\",\"logo\":{\"@type\":\"ImageObject\",\"inLanguage\":\"en-US\",\"@id\":\"https:\\\/\\\/hawiflex.de\\\/en\\\/#\\\/schema\\\/logo\\\/image\\\/\",\"url\":\"https:\\\/\\\/hawiflex.de\\\/wp-content\\\/uploads\\\/2019\\\/03\\\/logo_hawiflex800.png\",\"contentUrl\":\"https:\\\/\\\/hawiflex.de\\\/wp-content\\\/uploads\\\/2019\\\/03\\\/logo_hawiflex800.png\",\"width\":800,\"height\":186,\"caption\":\"Hawiflex\"},\"image\":{\"@id\":\"https:\\\/\\\/hawiflex.de\\\/en\\\/#\\\/schema\\\/logo\\\/image\\\/\"}}]}<\/script>\n<!-- \/ Yoast SEO plugin. -->","yoast_head_json":{"title":"Hawiflex by Contex Imprint","description":"Imprint of Hawiflex by Contex","robots":{"index":"index","follow":"follow","max-snippet":"max-snippet:-1","max-image-preview":"max-image-preview:large","max-video-preview":"max-video-preview:-1"},"canonical":"https:\/\/hawiflex.de\/en\/imprint\/","og_locale":"en_US","og_type":"article","og_title":"Hawiflex by Contex Imprint","og_description":"Imprint of Hawiflex by Contex","og_url":"https:\/\/hawiflex.de\/en\/imprint\/","og_site_name":"Hawiflex by Contex","article_modified_time":"2024-10-18T08:39:43+00:00","og_image":[{"width":1920,"height":1440,"url":"https:\/\/hawiflex.de\/wp-content\/uploads\/2015\/08\/04_Werkzeug1.jpg","type":"image\/jpeg"}],"twitter_card":"summary_large_image","schema":{"@context":"https:\/\/schema.org","@graph":[{"@type":"WebPage","@id":"https:\/\/hawiflex.de\/en\/imprint\/","url":"https:\/\/hawiflex.de\/en\/imprint\/","name":"Hawiflex by Contex Imprint","isPartOf":{"@id":"https:\/\/hawiflex.de\/en\/#website"},"primaryImageOfPage":{"@id":"https:\/\/hawiflex.de\/en\/imprint\/#primaryimage"},"image":{"@id":"https:\/\/hawiflex.de\/en\/imprint\/#primaryimage"},"thumbnailUrl":"https:\/\/hawiflex.de\/wp-content\/uploads\/2015\/08\/04_Werkzeug1.jpg","datePublished":"2015-08-06T08:18:38+00:00","dateModified":"2024-10-18T08:39:43+00:00","description":"Imprint of Hawiflex by Contex","breadcrumb":{"@id":"https:\/\/hawiflex.de\/en\/imprint\/#breadcrumb"},"inLanguage":"en-US","potentialAction":[{"@type":"ReadAction","target":["https:\/\/hawiflex.de\/en\/imprint\/"]}]},{"@type":"ImageObject","inLanguage":"en-US","@id":"https:\/\/hawiflex.de\/en\/imprint\/#primaryimage","url":"https:\/\/hawiflex.de\/wp-content\/uploads\/2015\/08\/04_Werkzeug1.jpg","contentUrl":"https:\/\/hawiflex.de\/wp-content\/uploads\/2015\/08\/04_Werkzeug1.jpg","width":1920,"height":1440,"caption":"04 Werkzeug1"},{"@type":"BreadcrumbList","@id":"https:\/\/hawiflex.de\/en\/imprint\/#breadcrumb","itemListElement":[{"@type":"ListItem","position":1,"name":"Startseite","item":"https:\/\/hawiflex.de\/en\/"},{"@type":"ListItem","position":2,"name":"Imprint"}]},{"@type":"WebSite","@id":"https:\/\/hawiflex.de\/en\/#website","url":"https:\/\/hawiflex.de\/en\/","name":"Hawiflex by Contex","description":"Hawiflex\u00ae Moulded Parts, Coatings and Boards for Concrete Industry, for Pumps and much more","publisher":{"@id":"https:\/\/hawiflex.de\/en\/#organization"},"potentialAction":[{"@type":"SearchAction","target":{"@type":"EntryPoint","urlTemplate":"https:\/\/hawiflex.de\/en\/?s={search_term_string}"},"query-input":{"@type":"PropertyValueSpecification","valueRequired":true,"valueName":"search_term_string"}}],"inLanguage":"en-US"},{"@type":"Organization","@id":"https:\/\/hawiflex.de\/en\/#organization","name":"Hawiflex","url":"https:\/\/hawiflex.de\/en\/","logo":{"@type":"ImageObject","inLanguage":"en-US","@id":"https:\/\/hawiflex.de\/en\/#\/schema\/logo\/image\/","url":"https:\/\/hawiflex.de\/wp-content\/uploads\/2019\/03\/logo_hawiflex800.png","contentUrl":"https:\/\/hawiflex.de\/wp-content\/uploads\/2019\/03\/logo_hawiflex800.png","width":800,"height":186,"caption":"Hawiflex"},"image":{"@id":"https:\/\/hawiflex.de\/en\/#\/schema\/logo\/image\/"}}]}},"_links":{"self":[{"href":"https:\/\/hawiflex.de\/en\/wp-json\/wp\/v2\/pages\/10484","targetHints":{"allow":["GET"]}}],"collection":[{"href":"https:\/\/hawiflex.de\/en\/wp-json\/wp\/v2\/pages"}],"about":[{"href":"https:\/\/hawiflex.de\/en\/wp-json\/wp\/v2\/types\/page"}],"author":[{"embeddable":true,"href":"https:\/\/hawiflex.de\/en\/wp-json\/wp\/v2\/users\/1"}],"replies":[{"embeddable":true,"href":"https:\/\/hawiflex.de\/en\/wp-json\/wp\/v2\/comments?post=10484"}],"version-history":[{"count":2,"href":"https:\/\/hawiflex.de\/en\/wp-json\/wp\/v2\/pages\/10484\/revisions"}],"predecessor-version":[{"id":29706,"href":"https:\/\/hawiflex.de\/en\/wp-json\/wp\/v2\/pages\/10484\/revisions\/29706"}],"wp:featuredmedia":[{"embeddable":true,"href":"https:\/\/hawiflex.de\/en\/wp-json\/wp\/v2\/media\/6733"}],"wp:attachment":[{"href":"https:\/\/hawiflex.de\/en\/wp-json\/wp\/v2\/media?parent=10484"}],"wp:term":[{"taxonomy":"category","embeddable":true,"href":"https:\/\/hawiflex.de\/en\/wp-json\/wp\/v2\/categories?post=10484"},{"taxonomy":"post_tag","embeddable":true,"href":"https:\/\/hawiflex.de\/en\/wp-json\/wp\/v2\/tags?post=10484"}],"curies":[{"name":"wp","href":"https:\/\/api.w.org\/{rel}","templated":true}]}}